{"id":1917,"date":"2025-07-17T10:09:24","date_gmt":"2025-07-17T10:09:24","guid":{"rendered":"https:\/\/infinico.ch\/karriere\/"},"modified":"2025-09-08T18:57:08","modified_gmt":"2025-09-08T18:57:08","slug":"karriere","status":"publish","type":"page","link":"https:\/\/infinico.ch\/de\/karriere\/","title":{"rendered":"Karriere"},"content":{"rendered":"<div class=\"wpb-content-wrapper\"><p>[vc_row][vc_column css=&#8220;.vc_custom_1514616783294{padding-right: 40px !important;}&#8220; offset=&#8220;vc_col-lg-8&#8243;]<div class=\"cz_gap clr \" style=\"height: 20px\"><\/div><div id=\"cz_20371\" class=\"cz_20371 cz_title clr cz_title_pos_inline\"><div class=\"cz_title_shape shape_icon cz_shape_1\"><i class=\"fas fa-hands-asl-interpreting\"><\/i><\/div><div class=\"cz_title_content\"><div class=\"cz_wpe_content\"><h3><span style=\"font-size: 35px;\">St\u00e4rken Sie Ihr Unternehmen <\/span><span style=\"font-size: 35px;\"><span style=\"color: #008187;\"> Bringen Sie Ihre Karriere voran.<\/span><\/span><\/h3>\n<p><span style=\"color: #808080; font-size: 18px;\">Lassen Sie uns reden<\/span><\/p>\n<\/div><\/div><\/div><div class=\"cz_gap clr \" style=\"height: 60px\"><\/div>[vc_column_text css=&#8220;&#8220;]<span style=\"font-family: Figtree;\">Wir kombinieren agiles Denken mit ma\u00dfgeschneiderten Outsourcing-L\u00f6sungen, um Ihr Wachstum zu unterst\u00fctzen.<\/span><br \/>\n<span style=\"font-family: Figtree;\">Ob Sie eine Partnerschaft anstreben oder Ihren n\u00e4chsten Karriereschritt planen \u2013 wir sind f\u00fcr Sie da.<\/span>[\/vc_column_text]<div class=\"cz_gap clr \" style=\"height: 30px\"><\/div><div id=\"cz_26074\" class=\"cz_26074 cz_cf7 clr\"><div>\n<div class=\"wpcf7 no-js\" id=\"wpcf7-f2017-o1\" lang=\"de-DE\" dir=\"ltr\" data-wpcf7-id=\"2017\">\n<div class=\"screen-reader-response\"><p role=\"status\" aria-live=\"polite\" aria-atomic=\"true\"><\/p> <ul><\/ul><\/div>\n<form action=\"\/de\/wp-json\/wp\/v2\/pages\/1917#wpcf7-f2017-o1\" method=\"post\" class=\"wpcf7-form init\" aria-label=\"Kontaktformular\" enctype=\"multipart\/form-data\" novalidate=\"novalidate\" data-status=\"init\">\n<fieldset class=\"hidden-fields-container\"><input type=\"hidden\" name=\"_wpcf7\" value=\"2017\" \/><input type=\"hidden\" name=\"_wpcf7_version\" value=\"6.1.5\" \/><input type=\"hidden\" name=\"_wpcf7_locale\" value=\"de_DE\" \/><input type=\"hidden\" name=\"_wpcf7_unit_tag\" value=\"wpcf7-f2017-o1\" \/><input type=\"hidden\" name=\"_wpcf7_container_post\" value=\"0\" \/><input type=\"hidden\" name=\"_wpcf7_posted_data_hash\" value=\"\" \/>\n<\/fieldset>\n<p><label> Sprachen (*) F\u00fcr welche Sprache bewerben Sie sich?<\/label><br \/>\n<span class=\"wpcf7-form-control-wrap\" data-name=\"Languages\"><select class=\"wpcf7-form-control wpcf7-select wpcf7-validates-as-required\" aria-required=\"true\" aria-invalid=\"false\" name=\"Languages\"><option value=\"\">Deutsch<\/option><option value=\"Franz\u00f6sisch\">Franz\u00f6sisch<\/option><option value=\"Italienisch\">Italienisch<\/option><option value=\"Englisch\">Englisch<\/option><\/select><\/span>\n<\/p>\n<p><label>Sprachniveau (*) Auf welchem \u200b\u200bSprachniveau befinden Sie sich? <\/label><br \/>\n<span class=\"wpcf7-form-control-wrap\" data-name=\"Sprachniveau\"><select class=\"wpcf7-form-control wpcf7-select wpcf7-validates-as-required\" aria-required=\"true\" aria-invalid=\"false\" name=\"Sprachniveau\"><option value=\"A1\">A1<\/option><option value=\"A2\">A2<\/option><option value=\"B1\">B1<\/option><option value=\"B2\">B2<\/option><option value=\"C1\">C1<\/option><option value=\"C2\">C2<\/option><\/select><\/span>\n<\/p>\n<p><label> Ihr Name(*) <\/label><br \/>\n<span class=\"wpcf7-form-control-wrap\" data-name=\"your-name\"><input size=\"40\" maxlength=\"400\" class=\"wpcf7-form-control wpcf7-text wpcf7-validates-as-required\" aria-required=\"true\" aria-invalid=\"false\" value=\"\" type=\"text\" name=\"your-name\" \/><\/span>\n<\/p>\n<p><label> Ihre E-Mail (*) <\/label><br \/>\n<span class=\"wpcf7-form-control-wrap\" data-name=\"your-email\"><input size=\"40\" maxlength=\"400\" class=\"wpcf7-form-control wpcf7-email wpcf7-validates-as-required wpcf7-text wpcf7-validates-as-email\" aria-required=\"true\" aria-invalid=\"false\" value=\"\" type=\"email\" name=\"your-email\" \/><\/span>\n<\/p>\n<p><label> Telefon (*) <\/label><br \/>\n<span class=\"wpcf7-form-control-wrap\" data-name=\"your-phone\"><input size=\"40\" maxlength=\"400\" class=\"wpcf7-form-control wpcf7-text wpcf7-validates-as-required\" aria-required=\"true\" aria-invalid=\"false\" value=\"\" type=\"text\" name=\"your-phone\" \/><\/span>\n<\/p>\n<p><label> Geburtsdatum (*) <\/label><br \/>\n<span class=\"wpcf7-form-control-wrap\" data-name=\"birthday\"><input class=\"wpcf7-form-control wpcf7-date wpcf7-validates-as-required wpcf7-validates-as-date\" aria-required=\"true\" aria-invalid=\"false\" value=\"\" type=\"date\" name=\"birthday\" \/><\/span>\n<\/p>\n<p><label> Residenz (*) <\/label><br \/>\n<span class=\"wpcf7-form-control-wrap\" data-name=\"residence\"><input size=\"40\" maxlength=\"400\" class=\"wpcf7-form-control wpcf7-text wpcf7-validates-as-required\" aria-required=\"true\" aria-invalid=\"false\" value=\"\" type=\"text\" name=\"residence\" \/><\/span>\n<\/p>\n<p><label> Diaspora (*) <\/label><br \/>\n<span class=\"wpcf7-form-control-wrap\" data-name=\"diaspora\"><span class=\"wpcf7-form-control wpcf7-radio\"><span class=\"wpcf7-list-item first\"><label><input type=\"radio\" name=\"diaspora\" value=\"Ja\" \/><span class=\"wpcf7-list-item-label\">Ja<\/span><\/label><\/span><span class=\"wpcf7-list-item last\"><label><input type=\"radio\" name=\"diaspora\" value=\"Nein\" \/><span class=\"wpcf7-list-item-label\">Nein<\/span><\/label><\/span><\/span><\/span>\n<\/p>\n<p><label> Senden Sie Ihren Lebenslauf<\/label><br \/>\n<span class=\"wpcf7-form-control-wrap\" data-name=\"file-upload\"><input size=\"40\" class=\"wpcf7-form-control wpcf7-file\" accept=\"\" aria-invalid=\"false\" type=\"file\" name=\"file-upload\" \/><\/span> Die maximal zul\u00e4ssige Gr\u00f6\u00dfe des Dokuments betr\u00e4gt 25 MB. Erlaubte Typen: .pdf, .doc, .docx.\n<\/p>\n<p><input class=\"wpcf7-form-control wpcf7-submit has-spinner\" type=\"submit\" value=\"Einreichen\" \/>\n<\/p><div class=\"wpcf7-response-output\" aria-hidden=\"true\"><\/div>\n<\/form>\n<\/div>\n<\/div><\/div><div class=\"cz_gap clr \" style=\"height: 50px\"><\/div>[\/vc_column][vc_column offset=&#8220;vc_col-lg-4&#8243;][vc_single_image image=&#8220;1916&#8243; img_size=&#8220;full&#8220; alignment=&#8220;center&#8220; css=&#8220;&#8220;]<div class=\"cz_gap clr \" style=\"height: 40px\"><\/div>[\/vc_column][\/vc_row][vc_row][vc_column]<div class=\"cz_gap clr \" style=\"height: 40px\"><\/div>[\/vc_column][\/vc_row]<\/p>\n<\/div>","protected":false},"excerpt":{"rendered":"<p>[vc_row][vc_column css=&#8220;.vc_custom_1514616783294{padding-right: 40px !important;}&#8220; offset=&#8220;vc_col-lg-8&#8243;][vc_column_text css=&#8220;&#8220;]Wir kombinieren agiles Denken mit ma\u00dfgeschneiderten &#8230; <\/p>\n","protected":false},"author":1,"featured_media":0,"parent":0,"menu_order":0,"comment_status":"closed","ping_status":"closed","template":"","meta":{"footnotes":""},"class_list":["post-1917","page","type-page","status-publish","hentry"],"_links":{"self":[{"href":"https:\/\/infinico.ch\/de\/wp-json\/wp\/v2\/pages\/1917","targetHints":{"allow":["GET"]}}],"collection":[{"href":"https:\/\/infinico.ch\/de\/wp-json\/wp\/v2\/pages"}],"about":[{"href":"https:\/\/infinico.ch\/de\/wp-json\/wp\/v2\/types\/page"}],"author":[{"embeddable":true,"href":"https:\/\/infinico.ch\/de\/wp-json\/wp\/v2\/users\/1"}],"replies":[{"embeddable":true,"href":"https:\/\/infinico.ch\/de\/wp-json\/wp\/v2\/comments?post=1917"}],"version-history":[{"count":4,"href":"https:\/\/infinico.ch\/de\/wp-json\/wp\/v2\/pages\/1917\/revisions"}],"predecessor-version":[{"id":2018,"href":"https:\/\/infinico.ch\/de\/wp-json\/wp\/v2\/pages\/1917\/revisions\/2018"}],"wp:attachment":[{"href":"https:\/\/infinico.ch\/de\/wp-json\/wp\/v2\/media?parent=1917"}],"curies":[{"name":"wp","href":"https:\/\/api.w.org\/{rel}","templated":true}]}}