{"id":1922,"date":"2017-06-10T08:24:41","date_gmt":"2017-06-10T08:24:41","guid":{"rendered":"https:\/\/infinico.ch\/ueber-uns\/"},"modified":"2025-12-15T09:11:19","modified_gmt":"2025-12-15T09:11:19","slug":"ueber-uns","status":"publish","type":"page","link":"https:\/\/infinico.ch\/de\/ueber-uns\/","title":{"rendered":"\u00dcber uns"},"content":{"rendered":"<div class=\"wpb-content-wrapper\"><p>[vc_row][vc_column]<div class=\"cz_gap clr  hide_on_tablet hide_on_mobile\" style=\"height: 50px\"><\/div><div class=\"cz_gap show_on_tablet clr  show_only_tablet\" style=\"height: 20px\"><\/div><div class=\"cz_gap show_on_mobile clr\" style=\"height: 10px\"><\/div><div class=\"cz_gap clr  hide_on_tablet hide_on_mobile\" style=\"height: 50px\"><\/div><div class=\"cz_gap show_on_tablet clr  show_only_tablet\" style=\"height: 20px\"><\/div><div class=\"cz_gap show_on_mobile clr\" style=\"height: 10px\"><\/div>[\/vc_column][\/vc_row][vc_row][vc_column offset=&#8220;vc_col-md-6&#8243;]<div class=\"cz_gap clr  hide_on_tablet hide_on_mobile\" style=\"height: 30px\"><\/div><div class=\"cz_gap show_on_tablet clr \" style=\"height: 0px\"><\/div><div id=\"cz_102037\" class=\"cz_102037 cz_title clr cz_mobile_text_center cz_title_pos_inline\"><div class=\"cz_title_shape shape_icon cz_shape_1\"><i class=\"fas fa-arrows-down-to-people\"><\/i><\/div><div class=\"cz_title_content\"><div class=\"cz_wpe_content\"><p><span style=\"color: #808080;\">Warum Sie sich f\u00fcr uns entscheiden sollten &amp; Meet the Team<\/span><\/p>\n<h3><span style=\"font-size: 40px;\"><span style=\"color: #008187;\">UNTERNEHMEN<\/span><\/span><\/h3>\n<\/div><\/div><\/div><div id=\"cz_108357\" class=\"cz_108357 cz_title clr cz_mobile_text_center cz_title_pos_inline\"><div class=\"cz_title_content\"><div class=\"cz_wpe_content\"><p><span style=\"font-family: Figtree;\">Willkommen bei INFINICO, Ihrem Partner f\u00fcr Outsourcing in Kosovo.<\/span><\/p>\n<p><span style=\"font-family: Figtree;\">INFINICO ist ein dynamisches und innovatives Unternehmen das sich auf Omnichannel Business Process Outsourcing (BPO) spezialisiert hat, mit einem klaren Fokus auf Customer Experience Management.<\/span><br \/>\n<span style=\"font-family: Figtree;\">Wir bieten massgeschneiderte End-to-End-L\u00f6sungen, die Unternehmen helfen, ihre Abl\u00e4ufe zu optimieren, die Kundenzufriedenheit zu steigern und ihre Gesch\u00e4ftsziele effizient zu erreichen.<\/span><\/p>\n<\/div><\/div><\/div><div class=\"cz_gap clr  hide_on_tablet hide_on_mobile\" style=\"height: 30px\"><\/div><div class=\"cz_gap show_on_tablet clr \" style=\"height: 0px\"><\/div>[vc_column_text css=&#8220;.vc_custom_1756539016106{margin-top: 29px !important;}&#8220;]<\/p>\n<h3><span style=\"font-family: Figtree; font-size: 20px;\">\u00dcber<span style=\"color: #008187;\">\u00a0uns<\/span><\/span><\/h3>\n<p><span style=\"font-family: Figtree;\">INFINICO steht f\u00fcr Vertrauen, Transparenz, Eigenverantwortung und Innovation.<br \/>\nUnsere F\u00fchrungskr\u00e4fte f\u00f6rdern Talente und handeln mit Integrit\u00e4t und Exzellenz. Gemeinsam gestalten wir die Zukunft von Outsourcing, treiben nachhaltiges Wachstum voran und liefern echten Mehrwert. <\/span>[\/vc_column_text][\/vc_column][vc_column offset=&#8220;vc_col-md-6&#8243;]<div id=\"cz_81963\" data-position=\"top-right\" class=\"cz_81963 cz_image clr cz_image_no_fx center_on_mobile\"><div class=\"\" ><div class=\"cz_image_in\"><div class=\"cz_main_image\"><img fetchpriority=\"high\" loading=\"eager\" decoding=\"sync\" data-no-lazy=\"1\" width=\"450\" height=\"450\" src=\"https:\/\/infinico.ch\/wp-content\/uploads\/2017\/07\/ab2-1.jpg\" class=\"attachment-full\" alt=\"Ab2\" title=\"ab2\" srcset=\"https:\/\/infinico.ch\/wp-content\/uploads\/2017\/07\/ab2-1.jpg 450w, https:\/\/infinico.ch\/wp-content\/uploads\/2017\/07\/ab2-1-100x100.jpg 100w, https:\/\/infinico.ch\/wp-content\/uploads\/2017\/07\/ab2-1-300x300.jpg 300w, https:\/\/infinico.ch\/wp-content\/uploads\/2017\/07\/ab2-1-150x150.jpg 150w\" sizes=\"(max-width: 450px) 100vw, 450px\"  \/><\/div><\/div><\/div><\/div>[vc_separator css=&#8220;.vc_custom_1752664004836{margin-top: 160px !important;}&#8220;]<div class=\"cz_free_position_element\" style=\"top:10%;left:9%;\"><div><div class=\"clr cz_parallax_v_10\"><div id=\"cz_73629\" data-position=\"top-right\" class=\"cz_73629 cz_image clr cz_image_no_fx center_on_mobile\"><div class=\"\" ><div class=\"cz_image_in\"><div class=\"cz_main_image\"><img decoding=\"async\" width=\"450\" height=\"450\" src=\"https:\/\/infinico.ch\/wp-content\/uploads\/2017\/07\/ab1-1.jpg\" class=\"attachment-full\" alt=\"Ab1\" title=\"ab1\" srcset=\"https:\/\/infinico.ch\/wp-content\/uploads\/2017\/07\/ab1-1.jpg 450w, https:\/\/infinico.ch\/wp-content\/uploads\/2017\/07\/ab1-1-100x100.jpg 100w, https:\/\/infinico.ch\/wp-content\/uploads\/2017\/07\/ab1-1-300x300.jpg 300w, https:\/\/infinico.ch\/wp-content\/uploads\/2017\/07\/ab1-1-150x150.jpg 150w\" sizes=\"auto, (max-width: 450px) 100vw, 450px\" loading=\"lazy\" \/><\/div><\/div><\/div><\/div><\/div><\/div><\/div>[\/vc_column][\/vc_row][vc_row full_width=&#8220;stretch_row&#8220; gap=&#8220;35&#8243; css=&#8220;.vc_custom_1755961712821{background-color: #008187 !important;}&#8220;][vc_column width=&#8220;1\/2&#8243;][vc_column_text css=&#8220;&#8220;]<\/p>\n<h3><span style=\"font-family: Figtree; font-size: 20px; color: #ff99cc;\"><strong>Warum INFINICO?<\/strong><\/span><\/h3>\n<p><span style=\"font-family: Figtree; color: #ffffff;\">Wir bei INFINICO wissen das jedes Unternehmen andere Bed\u00fcrfnisse hat. Deshalb passen wir unsere Dienstleistungen individuell an, f\u00fcr maximale Flexibilit\u00e4t, Skalierbarkeit und Effizienz.<br \/>\nOb Sie Ihren Kundenservice verbessern, Back-Office-Prozesse vereinfachen oder spezielles Know-how nutzen m\u00f6chten, wir haben f\u00fcr Sie die richtige L\u00f6sung.<\/span>[\/vc_column_text][\/vc_column][vc_column width=&#8220;1\/2&#8243;][vc_column_text css=&#8220;&#8220;]<\/p>\n<h3><span style=\"font-family: Figtree; font-size: 20px; color: #ff99cc;\"><strong>Unser Innovationsversprechen!<\/strong><\/span><\/h3>\n<p><span style=\"font-family: Figtree; color: #ffffff;\">Wir bleiben immer am Puls der Zeit und entwickeln unsere Prozesse stetig weiter. Neue Technologien, smarte Methoden und kontinuierliche Verbesserungen sichern Ihnen die besten Ergebnisse. <\/span>[\/vc_column_text][\/vc_column][\/vc_row][vc_row css=&#8220;.vc_custom_1755678639105{margin-top: 30px !important;}&#8220;][vc_column width=&#8220;1\/2&#8243;][vc_column_text css=&#8220;&#8220;]<span style=\"font-family: Figtree; font-size: 20px;\"><strong>Was uns <span style=\"color: #008187;\">besonders macht:<\/span><\/strong><\/span><\/p>\n<ul>\n<li><span style=\"font-family: Figtree;\">Individuelle L\u00f6sungen: Wir passen unsere Services gezielt an die spezifischen Bed\u00fcrfnisse jedes Kunden an.<\/span><\/li>\n<li><span style=\"font-family: Figtree;\">Skalierbarkeit: Unsere Dienstleistungen wachsen mit Ihrem Unternehmen und passen sich flexibel Ihren Anforderungen an.<\/span><\/li>\n<li><span style=\"font-family: Figtree;\">Kundenorientierung: Das Kundenerlebnis steht im Mittelpunkt all unserer Aktivit\u00e4ten.<\/span><\/li>\n<li><span style=\"font-family: Figtree;\">Innovation: Wir setzen konsequent auf modernste Technologien und Strategien, um in einem sich schnell wandelnden Markt stets einen Schritt voraus zu sein.<\/span><\/li>\n<\/ul>\n<p>[\/vc_column_text][\/vc_column][vc_column width=&#8220;1\/2&#8243;][vc_single_image image=&#8220;1921&#8243; img_size=&#8220;full&#8220; css=&#8220;&#8220;][\/vc_column][\/vc_row][vc_row][vc_column]<div class=\"cz_gap clr \" style=\"height: 150px\"><\/div>[\/vc_column][\/vc_row][vc_row][vc_column width=&#8220;1\/3&#8243;]<div id=\"cz_11156\" class=\"cz_11156 cz_team mb30 clr cz_team_6\"><div class=\"cz_team_img\"><img decoding=\"async\" width=\"370\" height=\"370\" src=\"https:\/\/infinico.ch\/wp-content\/uploads\/2025\/07\/aa.png\" class=\"attachment-full\" alt=\"Aa\" title=\"aa\" srcset=\"https:\/\/infinico.ch\/wp-content\/uploads\/2025\/07\/aa.png 370w, https:\/\/infinico.ch\/wp-content\/uploads\/2025\/07\/aa-300x300.png 300w, https:\/\/infinico.ch\/wp-content\/uploads\/2025\/07\/aa-150x150.png 150w\" sizes=\"auto, (max-width: 370px) 100vw, 370px\" loading=\"lazy\" \/><div class=\"cz_team_content cz_wpe_content\"><h4 style=\"text-align: center;\"><span style=\"color: #ffffff;\"><strong>Alban Ahmeti<\/strong><\/span><\/h4>\n<p style=\"text-align: center;\"><span style=\"color: #ffffff;\">CEO &amp; Gr\u00fcnder<\/span><\/p>\n<\/div><\/div><\/div>[\/vc_column][vc_column width=&#8220;1\/3&#8243;]<div id=\"cz_81230\" class=\"cz_81230 cz_title clr cz_mobile_text_center cz_title_pos_inline tac\"><div class=\"cz_title_shape shape_icon cz_shape_1\"><i class=\"fas fa-arrows-down-to-people\"><\/i><\/div><div class=\"cz_title_content\"><div class=\"cz_wpe_content\"><p style=\"text-align: center;\"><span style=\"color: #808080;\"> Meet the Team<\/span><\/p>\n<h3 style=\"text-align: center;\"><span style=\"font-size: 40px;\">INFINICO <\/span><span style=\"font-size: 40px;\"><span style=\"color: #008187;\"> Leadership<\/span><\/span><\/h3>\n<\/div><\/div><\/div>[vc_column_text css=&#8220;&#8220;]<\/p>\n<p style=\"text-align: center;\"><span style=\"font-family: Figtree;\">INFINICO steht f\u00fcr Vertrauen, Transparenz, Eigenverantwortung und Innovation.<br \/>\nUnsere F\u00fchrungskr\u00e4fte f\u00f6rdern Talente und handeln mit Integrit\u00e4t und Exzellenz. Gemeinsam gestalten wir die Zukunft von Outsourcing, treiben nachhaltiges Wachstum voran und liefern echten Mehrwert. <\/span>[\/vc_column_text][\/vc_column][vc_column width=&#8220;1\/3&#8243;]<div id=\"cz_71989\" class=\"cz_71989 cz_team mb30 clr cz_team_6\"><div class=\"cz_team_img\"><img decoding=\"async\" width=\"370\" height=\"370\" src=\"https:\/\/infinico.ch\/wp-content\/uploads\/2025\/07\/tt.png\" class=\"attachment-full\" alt=\"Tt\" title=\"tt\" srcset=\"https:\/\/infinico.ch\/wp-content\/uploads\/2025\/07\/tt.png 370w, https:\/\/infinico.ch\/wp-content\/uploads\/2025\/07\/tt-300x300.png 300w, https:\/\/infinico.ch\/wp-content\/uploads\/2025\/07\/tt-150x150.png 150w\" sizes=\"auto, (max-width: 370px) 100vw, 370px\" loading=\"lazy\" \/><div class=\"cz_team_content cz_wpe_content\"><h4 style=\"text-align: center;\"><span style=\"color: #ffffff;\"><strong>Charl\u00e8ne Steck<\/p>\n<p><\/strong><\/span><\/h4>\n<p style=\"text-align: center;\"><span style=\"color: #ffffff;\">CFO<br \/>\n<\/span><\/p>\n<\/div><\/div><\/div>[\/vc_column][\/vc_row][vc_row full_width=&#8220;stretch_row_content_no_spaces&#8220; css=&#8220;.vc_custom_1585139478018{background-color: #008187 !important;}&#8220;][vc_column]<div id=\"cz_64459\" class=\"cz-particles\"><div id=\"cz_95552\" class=\"cz_95552 cz_title clr cz_mobile_text_center cz_title_pos_inline tac\"><div class=\"cz_title_content\"><div class=\"cz_wpe_content\"><h3 style=\"text-align: center; line-height: 2;\"><span style=\"color: #ffffff; font-family: Figtree;\"><span style=\"font-size: 44px;\">Erfahrene Fachkr\u00e4fte<\/span><\/span><\/h3>\n<div style=\"text-align: center; line-height: 2;\"><span style=\"font-family: Figtree; color: #ffffff;\">Mit einem Team erfahrener Experten und einem ausgepr\u00e4gten Fokus auf Spitzenleistungen ist INFINICO Ihr zuverl\u00e4ssiger Partner f\u00fcr die komplexen Herausforderungen des modernen Customer Experience Managements. Ob Sie Kosten senken, die Effizienz steigern oder auf Fachwissen zugreifen m\u00f6chten \u2013 INFINICO verf\u00fcgt \u00fcber die n\u00f6tige Expertise, um Ihr Unternehmen zum Erfolg zu f\u00fchren. <\/span><\/div>\n<\/div><\/div><\/div><div class=\"cz_btn_center\"><div class=\"cz_33720_p\"><a id=\"cz_33720\" class=\"cz_33720 cz_btn cz_btn_txt_no_fx cz_btn_no_fx\" href=\"https:\/\/infinico.ch\/services\/\" title=\"Services\" role=\"button\" tabindex=\"0\" aria-label=\"Services\"><span><i class=\"fa czico-014-cube\"><\/i><strong>Schauen Sie sich die Dienste an<\/strong><\/span><b class=\"cz_btn_onhover\"><i class=\"fa czico-014-cube\"><\/i><strong>Schauen Sie sich die Dienste an<\/strong><\/b><\/a><\/div><\/div><div class=\"cz_gap clr \" style=\"height: 80px\"><\/div><\/div>\n<script>\n\n\tjQuery( function( $ ) {\n\n\t\tvar timeout;\n\t\t$( window ).on( \"scroll.codevz_stretch_fix\", function() {\n\t\t\tclearTimeout( timeout );\n\t\t\ttimeout = setTimeout( function() {\n\t\t\t\tif ( Codevz_Plus.inview( $( \"#cz_64459\" ), 250 ) ) {\n\n\t\t\t\t\tif ( typeof particlesJS != \"undefined\" ) {\n\n\t\t\t\t\t\tparticlesJS(\"cz_64459\", {\n\t\t\t\t\t\t  \"particles\": {\n\t\t\t\t\t\t    \"number\": {\n\t\t\t\t\t\t      \"value\": 50\n\t\t\t\t\t\t    },\n\t\t\t\t\t\t    \"color\": {\n\t\t\t\t\t\t      \"value\": \"#ffffff\"\n\t\t\t\t\t\t    },\n\t\t\t\t\t\t    \"shape\": {\n\t\t\t\t\t\t      \"type\": \"circle\",\n\t\t\t\t\t\t    },\n\t\t\t\t\t\t    \"line_linked\": {\n\t\t\t\t\t\t      \"enable\": true,\n\t\t\t\t\t\t      \"distance\": 10,\n\t\t\t\t\t\t      \"color\": \"#ffffff\",\n\t\t\t\t\t\t      \"opacity\": 0.4,\n\t\t\t\t\t\t      \"width\": 1\n\t\t\t\t\t\t    },\n\t\t\t\t\t\t    \"opacity\": {\n\t\t\t\t\t\t      \"value\": 0.5,\n\t\t\t\t\t\t      \"random\": true,\n\t\t\t\t\t\t      \"anim\": {\n\t\t\t\t\t\t        \"enable\": false,\n\t\t\t\t\t\t        \"speed\": 1,\n\t\t\t\t\t\t        \"opacity_min\": 0.1,\n\t\t\t\t\t\t        \"sync\": false\n\t\t\t\t\t\t      }\n\t\t\t\t\t\t    },\n\t\t\t\t\t\t    \"size\": {\n\t\t\t\t\t\t      \"value\": 10,\n\t\t\t\t\t\t      \"random\": true,\n\t\t\t\t\t\t      \"anim\": {\n\t\t\t\t\t\t        \"enable\": false,\n\t\t\t\t\t\t        \"speed\": 40,\n\t\t\t\t\t\t        \"size_min\": 0.1,\n\t\t\t\t\t\t        \"sync\": false\n\t\t\t\t\t\t      }\n\t\t\t\t\t\t    },\n\t\t\t\t\t\t    \"move\": {\n\t\t\t\t\t\t      \"enable\": true,\n\t\t\t\t\t\t      \"speed\": 6,\n\t\t\t\t\t\t      \"direction\": \"none\",\n\t\t\t\t\t\t      \"random\": false,\n\t\t\t\t\t\t      \"straight\": false,\n\t\t\t\t\t\t      \"out_mode\": \"out\",\n\t\t\t\t\t\t      \"bounce\": false,\n\t\t\t\t\t\t      \"attract\": {\n\t\t\t\t\t\t        \"enable\": false,\n\t\t\t\t\t\t        \"rotateX\": 600,\n\t\t\t\t\t\t        \"rotateY\": 1200\n\t\t\t\t\t\t      }\n\t\t\t\t\t\t    }\n\t\t\t\t\t\t  },\n\t\t\t\t\t\t  \"interactivity\": {\n\t\t\t\t\t\t    \"detect_on\": \"canvas\",\n\t\t\t\t\t\t    \"events\": {\n\t\t\t\t\t\t      \"onhover\": {\n\t\t\t\t\t\t        \"enable\": true,\n\t\t\t\t\t\t        \"mode\": \"grab\"\n\t\t\t\t\t\t      },\n\t\t\t\t\t\t      \"onclick\": {\n\t\t\t\t\t\t        \"enable\": true,\n\t\t\t\t\t\t        \"mode\": \"push\"\n\t\t\t\t\t\t      },\n\t\t\t\t\t\t      \"resize\": true\n\t\t\t\t\t\t    },\n\t\t\t\t\t\t    \"modes\": {\n\t\t\t\t\t\t      \"grab\": {\n\t\t\t\t\t\t        \"distance\": 100,\n\t\t\t\t\t\t        \"line_linked\": {\n\t\t\t\t\t\t          \"opacity\": 1\n\t\t\t\t\t\t        }\n\t\t\t\t\t\t      },\n\t\t\t\t\t\t      \"bubble\": {\n\t\t\t\t\t\t        \"distance\": 400,\n\t\t\t\t\t\t        \"size\": 40,\n\t\t\t\t\t\t        \"duration\": 2,\n\t\t\t\t\t\t        \"opacity\": 8,\n\t\t\t\t\t\t        \"speed\": 3\n\t\t\t\t\t\t      },\n\t\t\t\t\t\t      \"repulse\": {\n\t\t\t\t\t\t        \"distance\": 200,\n\t\t\t\t\t\t        \"duration\": 0.4\n\t\t\t\t\t\t      },\n\t\t\t\t\t\t      \"push\": {\n\t\t\t\t\t\t        \"particles_nb\": 4\n\t\t\t\t\t\t      },\n\t\t\t\t\t\t      \"remove\": {\n\t\t\t\t\t\t        \"particles_nb\": 2\n\t\t\t\t\t\t      }\n\t\t\t\t\t\t    }\n\t\t\t\t\t\t  },\n\t\t\t\t\t\t  \"retina_detect\": true\n\t\t\t\t\t\t});\n\t\t\t\t\t}\n\n\t\t\t\t}\n\t\t\t}, 1000 );\n\t\t}).trigger( \"scroll.codevz_stretch_fix\" );\n\n\t});\n\n<\/script><div class=\"cz_gap clr \" style=\"height: 50px\"><\/div>[\/vc_column][\/vc_row]<\/p>\n<\/div>","protected":false},"excerpt":{"rendered":"<p>[vc_row][vc_column][\/vc_column][\/vc_row][vc_row][vc_column offset=&#8220;vc_col-md-6&#8243;][vc_column_text css=&#8220;.vc_custom_1756539016106{margin-top: 29px !important;}&#8220;] \u00dcber\u00a0uns INFINICO steht f\u00fcr Vertrauen, Transparenz, &#8230; <\/p>\n","protected":false},"author":1,"featured_media":0,"parent":0,"menu_order":0,"comment_status":"closed","ping_status":"closed","template":"","meta":{"footnotes":""},"class_list":["post-1922","page","type-page","status-publish","hentry"],"_links":{"self":[{"href":"https:\/\/infinico.ch\/de\/wp-json\/wp\/v2\/pages\/1922","targetHints":{"allow":["GET"]}}],"collection":[{"href":"https:\/\/infinico.ch\/de\/wp-json\/wp\/v2\/pages"}],"about":[{"href":"https:\/\/infinico.ch\/de\/wp-json\/wp\/v2\/types\/page"}],"author":[{"embeddable":true,"href":"https:\/\/infinico.ch\/de\/wp-json\/wp\/v2\/users\/1"}],"replies":[{"embeddable":true,"href":"https:\/\/infinico.ch\/de\/wp-json\/wp\/v2\/comments?post=1922"}],"version-history":[{"count":12,"href":"https:\/\/infinico.ch\/de\/wp-json\/wp\/v2\/pages\/1922\/revisions"}],"predecessor-version":[{"id":2075,"href":"https:\/\/infinico.ch\/de\/wp-json\/wp\/v2\/pages\/1922\/revisions\/2075"}],"wp:attachment":[{"href":"https:\/\/infinico.ch\/de\/wp-json\/wp\/v2\/media?parent=1922"}],"curies":[{"name":"wp","href":"https:\/\/api.w.org\/{rel}","templated":true}]}}