{"id":1933,"date":"2025-07-16T12:14:40","date_gmt":"2025-07-16T12:14:40","guid":{"rendered":"https:\/\/infinico.ch\/wachstumsstrategie\/"},"modified":"2025-09-24T09:03:33","modified_gmt":"2025-09-24T09:03:33","slug":"wachstumsstrategie","status":"publish","type":"page","link":"https:\/\/infinico.ch\/de\/wachstumsstrategie\/","title":{"rendered":"Wachstumsstrategie"},"content":{"rendered":"<div class=\"wpb-content-wrapper\"><p>[vc_row][vc_column]<div class=\"cz_gap clr  hide_on_tablet hide_on_mobile\" style=\"height: 50px\"><\/div><div class=\"cz_gap show_on_tablet clr  show_only_tablet\" style=\"height: 20px\"><\/div><div class=\"cz_gap show_on_mobile clr\" style=\"height: 10px\"><\/div>[\/vc_column][\/vc_row][vc_row][vc_column offset=&#8220;vc_col-md-6&#8243;]<div class=\"cz_gap clr  hide_on_tablet hide_on_mobile\" style=\"height: 30px\"><\/div><div class=\"cz_gap show_on_tablet clr \" style=\"height: 0px\"><\/div><div id=\"cz_46442\" class=\"cz_46442 cz_title clr cz_mobile_text_center cz_title_pos_inline\"><div class=\"cz_title_shape shape_icon cz_shape_1\"><i class=\"fa czico-071-money-3\"><\/i><\/div><div class=\"cz_title_content\"><div class=\"cz_wpe_content\"><p><span style=\"color: #808080;\">Warum Sie sich f\u00fcr uns entscheiden sollten &amp; Lernen Sie das Team kennen<\/span><\/p>\n<h3><span style=\"font-size: 40px;\">WACHSTUMS<\/span><span style=\"font-size: 40px;\"><span style=\"color: #008187;\"> STRATEGIE<\/span><\/span><\/h3>\n<\/div><\/div><\/div><div id=\"cz_68402\" class=\"cz_68402 cz_title clr cz_mobile_text_center cz_title_pos_inline\"><div class=\"cz_title_content\"><div class=\"cz_wpe_content\"><p><span style=\"font-family: Figtree; color: #008187;\"><strong>UNSER FOKUS<\/strong><\/span><\/p>\n<p><span style=\"font-family: Figtree;\">Unser Fokus liegt auf unserem Gesch\u00e4ftsmodell, das auf drei grundlegenden S\u00e4ulen basiert: herausragende Qualit\u00e4t, maximale Kundenzufriedenheit und nachhaltige Partnerschaften, Werte, die unser t\u00e4gliches Handeln pr\u00e4gen.<\/span><\/p>\n<p><span style=\"font-family: Figtree; color: #008187;\"><strong>UNSER VERSPRECHEN<\/strong><\/span><br \/>\n<span style=\"font-family: Figtree;\">Als Ihr vertrauensvoller Partner wachsen wir, indem wir herausragende Qualit\u00e4t und ma\u00dfgeschneiderte L\u00f6sungen liefern, die Unternehmen st\u00e4rken, Kundenzufriedenheit f\u00f6rdern und ein erf\u00fcllendes Umfeld f\u00fcr unsere Mitarbeitenden schaffen.<\/span><\/p>\n<p><span style=\"font-family: Figtree; color: #008187;\"><strong>UNSERE ZIELE<\/strong><\/span><\/p>\n<p><span style=\"font-family: Figtree;\">Wir legen Wert auf herausragende Qualit\u00e4t, enge Zusammenarbeit und stetiges Wachstum durch zufriedene Kunden und Mitarbeitende.<\/span><\/p>\n<\/div><\/div><\/div><div class=\"cz_gap clr  hide_on_tablet hide_on_mobile\" style=\"height: 70px\"><\/div><div class=\"cz_gap show_on_tablet clr \" style=\"height: 0px\"><\/div>[\/vc_column][vc_column offset=&#8220;vc_col-md-6&#8243;]<div id=\"cz_81963\" data-position=\"top-right\" class=\"cz_81963 cz_image clr cz_image_no_fx center_on_mobile\"><div class=\"\" ><div class=\"cz_image_in\"><div class=\"cz_main_image\"><img fetchpriority=\"high\" loading=\"eager\" decoding=\"sync\" data-no-lazy=\"1\" width=\"450\" height=\"450\" src=\"https:\/\/infinico.ch\/wp-content\/uploads\/2017\/07\/ab2-1.jpg\" class=\"attachment-full\" alt=\"Ab2\" title=\"ab2\" srcset=\"https:\/\/infinico.ch\/wp-content\/uploads\/2017\/07\/ab2-1.jpg 450w, https:\/\/infinico.ch\/wp-content\/uploads\/2017\/07\/ab2-1-100x100.jpg 100w, https:\/\/infinico.ch\/wp-content\/uploads\/2017\/07\/ab2-1-300x300.jpg 300w, https:\/\/infinico.ch\/wp-content\/uploads\/2017\/07\/ab2-1-150x150.jpg 150w\" sizes=\"(max-width: 450px) 100vw, 450px\"  \/><\/div><\/div><\/div><\/div><div class=\"cz_free_position_element\" style=\"top:10%;left:9%;\"><div><div class=\"clr cz_parallax_v_10\"><div id=\"cz_18993\" data-position=\"top-right\" class=\"cz_18993 cz_image clr cz_image_no_fx center_on_mobile\"><div class=\"\" ><div class=\"cz_image_in\"><div class=\"cz_main_image\"><img decoding=\"async\" width=\"300\" height=\"300\" src=\"https:\/\/infinico.ch\/wp-content\/uploads\/2025\/07\/growth-300x300.jpg\" class=\"attachment-medium\" alt=\"Growth\" title=\"growth\" srcset=\"https:\/\/infinico.ch\/wp-content\/uploads\/2025\/07\/growth-300x300.jpg 300w, https:\/\/infinico.ch\/wp-content\/uploads\/2025\/07\/growth-150x150.jpg 150w, https:\/\/infinico.ch\/wp-content\/uploads\/2025\/07\/growth-600x600.jpg 600w, https:\/\/infinico.ch\/wp-content\/uploads\/2025\/07\/growth.jpg 694w\" sizes=\"auto, (max-width: 300px) 100vw, 300px\" loading=\"lazy\" \/><\/div><\/div><\/div><\/div><\/div><\/div><\/div><div class=\"cz_gap clr \" style=\"height: 30px\"><\/div>[\/vc_column][\/vc_row][vc_row][vc_column width=&#8220;1\/2&#8243;]<div id=\"cz_57155\" class=\"cz_57155 cz_title clr cz_mobile_text_center cz_title_pos_inline\"><div class=\"cz_title_shape shape_icon cz_shape_1\"><i class=\"fa czico-031-objective\"><\/i><\/div><div class=\"cz_title_content\"><div class=\"cz_wpe_content\"><h4><span style=\"font-size: 30px;\">Strategische <\/span><span style=\"font-size: 30px;\"><span style=\"color: #008187;\"> Gesch\u00e4ftsziele<\/span><\/span><\/h4>\n<\/div><\/div><\/div><div class=\"clr\"><ul id=\"cz_38464\" class=\"cz_38464 cz_stylish_list clr cz_sl_icon_hover_push_in\"><li class=\"clr\"><div class=\"cz_sl_icon\"><i class=\"fa czico-072-check-mark mr10\" ><\/i><\/div><div><span>Exzellenz im Customer Experience (CX)<small>Sicherstellung erstklassigen Kundenservice durch innovative Technologien und geschultes Personal.<\/small><\/span><\/div><\/li><li class=\"clr\"><div class=\"cz_sl_icon\"><i class=\"fa czico-072-check-mark mr10\" ><\/i><\/div><div><span>Digitale Transformation & Automatisierung<small>Integration von KI und Automatisierung zur Steigerung von Effizienz und Kostenoptimierung.<\/small><\/span><\/div><\/li><li class=\"clr\"><div class=\"cz_sl_icon\"><i class=\"fa czico-072-check-mark mr10\" ><\/i><\/div><div><span>Lokale und regionale Expansion<small>Aufbau einer starken Pr\u00e4senz, um mit f\u00fchrenden Branchenakteuren zu konkurrieren.<\/small><\/span><\/div><\/li><li class=\"clr\"><div class=\"cz_sl_icon\"><i class=\"fa czico-072-check-mark mr10\" ><\/i><\/div><div><span>Ausbau mehrsprachiger Services<small>Angebot in Deutsch, Franz\u00f6sisch und Italienisch, um Zug\u00e4nglichkeit und Spitzenqualit\u00e4t zu gew\u00e4hrleisten.<\/small><\/span><\/div><\/li><\/ul><\/div>[\/vc_column][vc_column width=&#8220;1\/2&#8243;]<div id=\"cz_80712\" class=\"cz_80712 cz_title clr cz_mobile_text_center cz_title_pos_inline\"><div class=\"cz_title_shape shape_icon cz_shape_1\"><i class=\"fa czico-031-objective\"><\/i><\/div><div class=\"cz_title_content\"><div class=\"cz_wpe_content\"><h4><span style=\"font-size: 30px;\">Operative <\/span><span style=\"font-size: 30px;\"><span style=\"color: #008187;\"> Ziele<\/span><\/span><\/h4>\n<\/div><\/div><\/div><div class=\"clr\"><ul id=\"cz_86614\" class=\"cz_86614 cz_stylish_list clr cz_sl_icon_hover_push_in\"><li class=\"clr\"><div class=\"cz_sl_icon\"><i class=\"fa czico-072-check-mark mr10\" ><\/i><\/div><div><span>Optimierung von Gesch\u00e4ftsprozessen<small>St\u00e4ndige Verbesserung der Abl\u00e4ufe zur Steigerung von Effizienz und Qualit\u00e4t.<\/small><\/span><\/div><\/li><li class=\"clr\"><div class=\"cz_sl_icon\"><i class=\"fa czico-072-check-mark mr10\" ><\/i><\/div><div><span>Datenbasierte Entscheidungsfindung<small>Einsatz von Analysen und KPIs f\u00fcr strategisches Management und Leistungssteigerung.<\/small><\/span><\/div><\/li><li class=\"clr\"><div class=\"cz_sl_icon\"><i class=\"fa czico-072-check-mark mr10\" ><\/i><\/div><div><span>Sicherheit & Compliance<small>Einhaltung internationaler Standards und Zertifizierungen (z. B. ISO, GDPR) zur Sicherstellung von Datenschutz und Qualit\u00e4t.<\/small><\/span><\/div><\/li><li class=\"clr\"><div class=\"cz_sl_icon\"><i class=\"fa czico-072-check-mark mr10\" ><\/i><\/div><div><span>Mitarbeiterentwicklung & Talentmanagement<small>Aufbau einer starken Unternehmenskultur mit Fokus auf Training und berufliches Wachstum.<\/small><\/span><\/div><\/li><\/ul><\/div>[\/vc_column][\/vc_row][vc_row][vc_column]<div class=\"cz_gap clr \" style=\"height: 150px\"><\/div>[\/vc_column][\/vc_row][vc_row full_width=&#8220;stretch_row_content_no_spaces&#8220; css=&#8220;.vc_custom_1585139478018{background-color: #008187 !important;}&#8220;][vc_column]<div id=\"cz_64459\" class=\"cz-particles\"><div class=\"cz_gap clr \" style=\"height: 80px\"><\/div><div id=\"cz_56953\" class=\"cz_56953 cz_title clr cz_mobile_text_center cz_title_pos_inline tac\"><div class=\"cz_title_content\"><div class=\"cz_wpe_content\"><h3 style=\"text-align: center; line-height: 2;\"><span style=\"color: #ffffff; font-size: 44px;\"><span style=\"font-family: Figtree;\">INFINICO ist ein Unternehmen, das sich auszeichnet<\/span> <\/span><\/h3>\n<div style=\"text-align: center; line-height: 2;\"><span style=\"font-family: Figtree; font-size: 18px; color: #ffffff;\">nicht nur durch Qualit\u00e4t und Service, sondern auch durch eine Arbeitskultur, die auf Fairness, Beteiligung und Respekt basiert.<\/span><\/div>\n<\/div><\/div><\/div><div class=\"cz_btn_center\"><div class=\"cz_33720_p\"><a id=\"cz_33720\" class=\"cz_33720 cz_btn cz_btn_txt_no_fx cz_btn_no_fx\" href=\"https:\/\/infinico.ch\/services\/\" title=\"Services\" role=\"button\" tabindex=\"0\" aria-label=\"Services\"><span><i class=\"fa czico-014-cube\"><\/i><strong>Schauen Sie sich die Dienste an<\/strong><\/span><b class=\"cz_btn_onhover\"><i class=\"fa czico-014-cube\"><\/i><strong>Schauen Sie sich die Dienste an<\/strong><\/b><\/a><\/div><\/div><div class=\"cz_gap clr \" style=\"height: 120px\"><\/div><\/div>\n<script>\n\n\tjQuery( function( $ ) {\n\n\t\tvar timeout;\n\t\t$( window ).on( \"scroll.codevz_stretch_fix\", function() {\n\t\t\tclearTimeout( timeout );\n\t\t\ttimeout = setTimeout( function() {\n\t\t\t\tif ( Codevz_Plus.inview( $( \"#cz_64459\" ), 250 ) ) {\n\n\t\t\t\t\tif ( typeof particlesJS != \"undefined\" ) {\n\n\t\t\t\t\t\tparticlesJS(\"cz_64459\", {\n\t\t\t\t\t\t  \"particles\": {\n\t\t\t\t\t\t    \"number\": {\n\t\t\t\t\t\t      \"value\": 50\n\t\t\t\t\t\t    },\n\t\t\t\t\t\t    \"color\": {\n\t\t\t\t\t\t      \"value\": \"#ffffff\"\n\t\t\t\t\t\t    },\n\t\t\t\t\t\t    \"shape\": {\n\t\t\t\t\t\t      \"type\": \"circle\",\n\t\t\t\t\t\t    },\n\t\t\t\t\t\t    \"line_linked\": {\n\t\t\t\t\t\t      \"enable\": true,\n\t\t\t\t\t\t      \"distance\": 10,\n\t\t\t\t\t\t      \"color\": \"#ffffff\",\n\t\t\t\t\t\t      \"opacity\": 0.4,\n\t\t\t\t\t\t      \"width\": 1\n\t\t\t\t\t\t    },\n\t\t\t\t\t\t    \"opacity\": {\n\t\t\t\t\t\t      \"value\": 0.5,\n\t\t\t\t\t\t      \"random\": true,\n\t\t\t\t\t\t      \"anim\": {\n\t\t\t\t\t\t        \"enable\": false,\n\t\t\t\t\t\t        \"speed\": 1,\n\t\t\t\t\t\t        \"opacity_min\": 0.1,\n\t\t\t\t\t\t        \"sync\": false\n\t\t\t\t\t\t      }\n\t\t\t\t\t\t    },\n\t\t\t\t\t\t    \"size\": {\n\t\t\t\t\t\t      \"value\": 10,\n\t\t\t\t\t\t      \"random\": true,\n\t\t\t\t\t\t      \"anim\": {\n\t\t\t\t\t\t        \"enable\": false,\n\t\t\t\t\t\t        \"speed\": 40,\n\t\t\t\t\t\t        \"size_min\": 0.1,\n\t\t\t\t\t\t        \"sync\": false\n\t\t\t\t\t\t      }\n\t\t\t\t\t\t    },\n\t\t\t\t\t\t    \"move\": {\n\t\t\t\t\t\t      \"enable\": true,\n\t\t\t\t\t\t      \"speed\": 6,\n\t\t\t\t\t\t      \"direction\": \"none\",\n\t\t\t\t\t\t      \"random\": false,\n\t\t\t\t\t\t      \"straight\": false,\n\t\t\t\t\t\t      \"out_mode\": \"out\",\n\t\t\t\t\t\t      \"bounce\": false,\n\t\t\t\t\t\t      \"attract\": {\n\t\t\t\t\t\t        \"enable\": false,\n\t\t\t\t\t\t        \"rotateX\": 600,\n\t\t\t\t\t\t        \"rotateY\": 1200\n\t\t\t\t\t\t      }\n\t\t\t\t\t\t    }\n\t\t\t\t\t\t  },\n\t\t\t\t\t\t  \"interactivity\": {\n\t\t\t\t\t\t    \"detect_on\": \"canvas\",\n\t\t\t\t\t\t    \"events\": {\n\t\t\t\t\t\t      \"onhover\": {\n\t\t\t\t\t\t        \"enable\": true,\n\t\t\t\t\t\t        \"mode\": \"grab\"\n\t\t\t\t\t\t      },\n\t\t\t\t\t\t      \"onclick\": {\n\t\t\t\t\t\t        \"enable\": true,\n\t\t\t\t\t\t        \"mode\": \"push\"\n\t\t\t\t\t\t      },\n\t\t\t\t\t\t      \"resize\": true\n\t\t\t\t\t\t    },\n\t\t\t\t\t\t    \"modes\": {\n\t\t\t\t\t\t      \"grab\": {\n\t\t\t\t\t\t        \"distance\": 100,\n\t\t\t\t\t\t        \"line_linked\": {\n\t\t\t\t\t\t          \"opacity\": 1\n\t\t\t\t\t\t        }\n\t\t\t\t\t\t      },\n\t\t\t\t\t\t      \"bubble\": {\n\t\t\t\t\t\t        \"distance\": 400,\n\t\t\t\t\t\t        \"size\": 40,\n\t\t\t\t\t\t        \"duration\": 2,\n\t\t\t\t\t\t        \"opacity\": 8,\n\t\t\t\t\t\t        \"speed\": 3\n\t\t\t\t\t\t      },\n\t\t\t\t\t\t      \"repulse\": {\n\t\t\t\t\t\t        \"distance\": 200,\n\t\t\t\t\t\t        \"duration\": 0.4\n\t\t\t\t\t\t      },\n\t\t\t\t\t\t      \"push\": {\n\t\t\t\t\t\t        \"particles_nb\": 4\n\t\t\t\t\t\t      },\n\t\t\t\t\t\t      \"remove\": {\n\t\t\t\t\t\t        \"particles_nb\": 2\n\t\t\t\t\t\t      }\n\t\t\t\t\t\t    }\n\t\t\t\t\t\t  },\n\t\t\t\t\t\t  \"retina_detect\": true\n\t\t\t\t\t\t});\n\t\t\t\t\t}\n\n\t\t\t\t}\n\t\t\t}, 1000 );\n\t\t}).trigger( \"scroll.codevz_stretch_fix\" );\n\n\t});\n\n<\/script>[\/vc_column][\/vc_row]<\/p>\n<\/div>","protected":false},"excerpt":{"rendered":"<p>[vc_row][vc_column][\/vc_column][\/vc_row][vc_row][vc_column offset=&#8220;vc_col-md-6&#8243;][\/vc_column][vc_column offset=&#8220;vc_col-md-6&#8243;][\/vc_column][\/vc_row][vc_row][vc_column width=&#8220;1\/2&#8243;][\/vc_column][vc_column width=&#8220;1\/2&#8243;][\/vc_column][\/vc_row][vc_row][vc_column][\/vc_column][\/vc_row][vc_row full_width=&#8220;stretch_row_content_no_spaces&#8220; css=&#8220;.vc_custom_1585139478018{background-color: #008187 !important;}&#8220;][vc_column][\/vc_column][\/vc_row] &#8230; <\/p>\n","protected":false},"author":1,"featured_media":0,"parent":0,"menu_order":0,"comment_status":"closed","ping_status":"closed","template":"","meta":{"footnotes":""},"class_list":["post-1933","page","type-page","status-publish","hentry"],"_links":{"self":[{"href":"https:\/\/infinico.ch\/de\/wp-json\/wp\/v2\/pages\/1933","targetHints":{"allow":["GET"]}}],"collection":[{"href":"https:\/\/infinico.ch\/de\/wp-json\/wp\/v2\/pages"}],"about":[{"href":"https:\/\/infinico.ch\/de\/wp-json\/wp\/v2\/types\/page"}],"author":[{"embeddable":true,"href":"https:\/\/infinico.ch\/de\/wp-json\/wp\/v2\/users\/1"}],"replies":[{"embeddable":true,"href":"https:\/\/infinico.ch\/de\/wp-json\/wp\/v2\/comments?post=1933"}],"version-history":[{"count":12,"href":"https:\/\/infinico.ch\/de\/wp-json\/wp\/v2\/pages\/1933\/revisions"}],"predecessor-version":[{"id":2086,"href":"https:\/\/infinico.ch\/de\/wp-json\/wp\/v2\/pages\/1933\/revisions\/2086"}],"wp:attachment":[{"href":"https:\/\/infinico.ch\/de\/wp-json\/wp\/v2\/media?parent=1933"}],"curies":[{"name":"wp","href":"https:\/\/api.w.org\/{rel}","templated":true}]}}