{"id":1950,"date":"2025-07-16T12:18:13","date_gmt":"2025-07-16T12:18:13","guid":{"rendered":"https:\/\/infinico.ch\/vision-werte\/"},"modified":"2025-09-08T19:09:35","modified_gmt":"2025-09-08T19:09:35","slug":"vision-werte","status":"publish","type":"page","link":"https:\/\/infinico.ch\/de\/vision-werte\/","title":{"rendered":"Vision &amp; Werte"},"content":{"rendered":"<div class=\"wpb-content-wrapper\"><p>[vc_row][vc_column]<div class=\"cz_gap clr  hide_on_tablet hide_on_mobile\" style=\"height: 50px\"><\/div><div class=\"cz_gap show_on_tablet clr  show_only_tablet\" style=\"height: 20px\"><\/div><div class=\"cz_gap show_on_mobile clr\" style=\"height: 10px\"><\/div>[\/vc_column][\/vc_row][vc_row][vc_column offset=&#8220;vc_col-md-6&#8243;]<div class=\"cz_gap clr  hide_on_tablet hide_on_mobile\" style=\"height: 30px\"><\/div><div class=\"cz_gap show_on_tablet clr \" style=\"height: 0px\"><\/div><div id=\"cz_71908\" class=\"cz_71908 cz_title clr cz_mobile_text_center cz_title_pos_inline\"><div class=\"cz_title_shape shape_icon cz_shape_1\"><i class=\"fa czico-055-conversation\"><\/i><\/div><div class=\"cz_title_content\"><div class=\"cz_wpe_content\"><h3><span style=\"font-size: 40px;\">Vision &amp; <\/span><span style=\"font-size: 40px;\"><span style=\"color: #008187;\"> Werte<\/span><\/span><\/h3>\n<p><span style=\"color: #808080;\">Diese Vision hebt die folgenden Schl\u00fcsselwerte hervor<\/span><\/p>\n<\/div><\/div><\/div>[vc_column_text css=&#8220;&#8220;]<span style=\"font-family: Figtree;\"><strong>INFINICO ist ein Unternehmen, das nicht nur durch Qualit\u00e4t und Service \u00fcberzeugt, sondern auch durch eine Arbeitskultur, die auf Fairness und Respekt basiert.<\/strong><\/span><\/p>\n<ul>\n<li><span style=\"font-family: Figtree;\"><strong>Wachstum als vertrauensvoller Partner<\/strong> \u2013 Wir setzen alles daran, langfristigen Erfolg durch enge Zusammenarbeit und Partnerschaften sicherzustellen.<\/span><\/li>\n<li><span style=\"font-family: Figtree;\"><strong>Herausragende Qualit\u00e4t und ma\u00dfgeschneiderte L\u00f6sungen <\/strong>\u2013 Unser Fokus liegt auf der Bereitstellung hochwertiger, individueller L\u00f6sungen, die genau auf die Bed\u00fcrfnisse unserer Kunden zugeschnitten sind.<\/span><\/li>\n<li><span style=\"font-family: Figtree;\"><strong>Kundenzufriedenheit<\/strong> \u2013 Die Zufriedenheit unserer Kunden ist das zentrale Ma\u00df f\u00fcr unseren Erfolg. Wir stellen sicher, dass ihre Bed\u00fcrfnisse im Mittelpunkt all unserer T\u00e4tigkeiten stehen. <\/span><\/li>\n<li><span style=\"font-family: Figtree;\"><strong>Erf\u00fcllendes Arbeitsumfeld f\u00fcr Mitarbeitende <\/strong>\u2013 Als mittelst\u00e4ndisches Unternehmen legen wir gro\u00dfen Wert auf die Zufriedenheit unserer Mitarbeitenden. Wir bieten faire L\u00f6hne und Gewinnbeteiligung, die es ihnen erm\u00f6glicht, vom Erfolg des Unternehmens zu profitieren und daran teilzuhaben. Zudem haben unsere Mitarbeitenden eine Stimme im Unternehmen. <\/span><\/li>\n<\/ul>\n<p>[\/vc_column_text]<div class=\"cz_gap clr  hide_on_tablet hide_on_mobile\" style=\"height: 30px\"><\/div><div class=\"cz_gap show_on_tablet clr \" style=\"height: 0px\"><\/div>[\/vc_column][vc_column offset=&#8220;vc_col-md-6&#8243;]<div id=\"cz_81963\" data-position=\"top-right\" class=\"cz_81963 cz_image clr cz_image_no_fx center_on_mobile\"><div class=\"\" ><div class=\"cz_image_in\"><div class=\"cz_main_image\"><img fetchpriority=\"high\" loading=\"eager\" decoding=\"sync\" data-no-lazy=\"1\" width=\"450\" height=\"450\" src=\"https:\/\/infinico.ch\/wp-content\/uploads\/2017\/07\/ab2-1.jpg\" class=\"attachment-full\" alt=\"Ab2\" title=\"ab2\" srcset=\"https:\/\/infinico.ch\/wp-content\/uploads\/2017\/07\/ab2-1.jpg 450w, https:\/\/infinico.ch\/wp-content\/uploads\/2017\/07\/ab2-1-100x100.jpg 100w, https:\/\/infinico.ch\/wp-content\/uploads\/2017\/07\/ab2-1-300x300.jpg 300w, https:\/\/infinico.ch\/wp-content\/uploads\/2017\/07\/ab2-1-150x150.jpg 150w\" sizes=\"(max-width: 450px) 100vw, 450px\"  \/><\/div><\/div><\/div><\/div>[vc_separator css=&#8220;.vc_custom_1752664004836{margin-top: 160px !important;}&#8220;]<div class=\"cz_free_position_element\" style=\"top:10%;left:9%;\"><div><div class=\"clr cz_parallax_v_10\"><div id=\"cz_53636\" data-position=\"top-right\" class=\"cz_53636 cz_image clr cz_image_no_fx center_on_mobile\"><div class=\"\" ><div class=\"cz_image_in\"><div class=\"cz_main_image\"><img decoding=\"async\" width=\"300\" height=\"231\" src=\"https:\/\/infinico.ch\/wp-content\/uploads\/2025\/07\/vision-300x231.jpg\" class=\"attachment-medium\" alt=\"Vision\" title=\"vision\" srcset=\"https:\/\/infinico.ch\/wp-content\/uploads\/2025\/07\/vision-300x231.jpg 300w, https:\/\/infinico.ch\/wp-content\/uploads\/2025\/07\/vision-1024x787.jpg 1024w, https:\/\/infinico.ch\/wp-content\/uploads\/2025\/07\/vision-768x590.jpg 768w, https:\/\/infinico.ch\/wp-content\/uploads\/2025\/07\/vision-600x461.jpg 600w, https:\/\/infinico.ch\/wp-content\/uploads\/2025\/07\/vision.jpg 1200w\" sizes=\"auto, (max-width: 300px) 100vw, 300px\" loading=\"lazy\" \/><\/div><\/div><\/div><\/div><\/div><\/div><\/div>[\/vc_column][\/vc_row][vc_row full_width=&#8220;stretch_row_content_no_spaces&#8220; css=&#8220;.vc_custom_1585139478018{background-color: #008187 !important;}&#8220;][vc_column]<div id=\"cz_64459\" class=\"cz-particles\"><div class=\"cz_gap clr \" style=\"height: 41px\"><\/div><div id=\"cz_56953\" class=\"cz_56953 cz_title clr cz_mobile_text_center cz_title_pos_inline tac\"><div class=\"cz_title_content\"><div class=\"cz_wpe_content\"><h3 style=\"text-align: center; line-height: 2;\"><span style=\"color: #ffffff; font-size: 44px;\"><span style=\"font-family: Figtree;\">INFINICO ist ein Unternehmen, das sich auszeichnet<\/span> <\/span><\/h3>\n<div style=\"text-align: center; line-height: 2;\"><span style=\"font-family: Figtree; font-size: 18px; color: #ffffff;\">nicht nur durch Qualit\u00e4t und Service, sondern auch durch eine Arbeitskultur, die auf Fairness, Beteiligung und Respekt basiert.<\/span><\/div>\n<\/div><\/div><\/div><div class=\"cz_btn_center\"><div class=\"cz_33720_p\"><a id=\"cz_33720\" class=\"cz_33720 cz_btn cz_btn_txt_no_fx cz_btn_no_fx\" href=\"https:\/\/infinico.ch\/services\/\" title=\"Services\" role=\"button\" tabindex=\"0\" aria-label=\"Services\"><span><i class=\"fa czico-014-cube\"><\/i><strong>Schauen Sie sich die Dienste an<\/strong><\/span><b class=\"cz_btn_onhover\"><i class=\"fa czico-014-cube\"><\/i><strong>Schauen Sie sich die Dienste an<\/strong><\/b><\/a><\/div><\/div><div class=\"cz_gap clr \" style=\"height: 41px\"><\/div><\/div>\n<script>\n\n\tjQuery( function( $ ) {\n\n\t\tvar timeout;\n\t\t$( window ).on( \"scroll.codevz_stretch_fix\", function() {\n\t\t\tclearTimeout( timeout );\n\t\t\ttimeout = setTimeout( function() {\n\t\t\t\tif ( Codevz_Plus.inview( $( \"#cz_64459\" ), 250 ) ) {\n\n\t\t\t\t\tif ( typeof particlesJS != \"undefined\" ) {\n\n\t\t\t\t\t\tparticlesJS(\"cz_64459\", {\n\t\t\t\t\t\t  \"particles\": {\n\t\t\t\t\t\t    \"number\": {\n\t\t\t\t\t\t      \"value\": 50\n\t\t\t\t\t\t    },\n\t\t\t\t\t\t    \"color\": {\n\t\t\t\t\t\t      \"value\": \"#ffffff\"\n\t\t\t\t\t\t    },\n\t\t\t\t\t\t    \"shape\": {\n\t\t\t\t\t\t      \"type\": \"circle\",\n\t\t\t\t\t\t    },\n\t\t\t\t\t\t    \"line_linked\": {\n\t\t\t\t\t\t      \"enable\": true,\n\t\t\t\t\t\t      \"distance\": 10,\n\t\t\t\t\t\t      \"color\": \"#ffffff\",\n\t\t\t\t\t\t      \"opacity\": 0.4,\n\t\t\t\t\t\t      \"width\": 1\n\t\t\t\t\t\t    },\n\t\t\t\t\t\t    \"opacity\": {\n\t\t\t\t\t\t      \"value\": 0.5,\n\t\t\t\t\t\t      \"random\": true,\n\t\t\t\t\t\t      \"anim\": {\n\t\t\t\t\t\t        \"enable\": false,\n\t\t\t\t\t\t        \"speed\": 1,\n\t\t\t\t\t\t        \"opacity_min\": 0.1,\n\t\t\t\t\t\t        \"sync\": false\n\t\t\t\t\t\t      }\n\t\t\t\t\t\t    },\n\t\t\t\t\t\t    \"size\": {\n\t\t\t\t\t\t      \"value\": 10,\n\t\t\t\t\t\t      \"random\": true,\n\t\t\t\t\t\t      \"anim\": {\n\t\t\t\t\t\t        \"enable\": false,\n\t\t\t\t\t\t        \"speed\": 40,\n\t\t\t\t\t\t        \"size_min\": 0.1,\n\t\t\t\t\t\t        \"sync\": false\n\t\t\t\t\t\t      }\n\t\t\t\t\t\t    },\n\t\t\t\t\t\t    \"move\": {\n\t\t\t\t\t\t      \"enable\": true,\n\t\t\t\t\t\t      \"speed\": 6,\n\t\t\t\t\t\t      \"direction\": \"none\",\n\t\t\t\t\t\t      \"random\": false,\n\t\t\t\t\t\t      \"straight\": false,\n\t\t\t\t\t\t      \"out_mode\": \"out\",\n\t\t\t\t\t\t      \"bounce\": false,\n\t\t\t\t\t\t      \"attract\": {\n\t\t\t\t\t\t        \"enable\": false,\n\t\t\t\t\t\t        \"rotateX\": 600,\n\t\t\t\t\t\t        \"rotateY\": 1200\n\t\t\t\t\t\t      }\n\t\t\t\t\t\t    }\n\t\t\t\t\t\t  },\n\t\t\t\t\t\t  \"interactivity\": {\n\t\t\t\t\t\t    \"detect_on\": \"canvas\",\n\t\t\t\t\t\t    \"events\": {\n\t\t\t\t\t\t      \"onhover\": {\n\t\t\t\t\t\t        \"enable\": true,\n\t\t\t\t\t\t        \"mode\": \"grab\"\n\t\t\t\t\t\t      },\n\t\t\t\t\t\t      \"onclick\": {\n\t\t\t\t\t\t        \"enable\": true,\n\t\t\t\t\t\t        \"mode\": \"push\"\n\t\t\t\t\t\t      },\n\t\t\t\t\t\t      \"resize\": true\n\t\t\t\t\t\t    },\n\t\t\t\t\t\t    \"modes\": {\n\t\t\t\t\t\t      \"grab\": {\n\t\t\t\t\t\t        \"distance\": 100,\n\t\t\t\t\t\t        \"line_linked\": {\n\t\t\t\t\t\t          \"opacity\": 1\n\t\t\t\t\t\t        }\n\t\t\t\t\t\t      },\n\t\t\t\t\t\t      \"bubble\": {\n\t\t\t\t\t\t        \"distance\": 400,\n\t\t\t\t\t\t        \"size\": 40,\n\t\t\t\t\t\t        \"duration\": 2,\n\t\t\t\t\t\t        \"opacity\": 8,\n\t\t\t\t\t\t        \"speed\": 3\n\t\t\t\t\t\t      },\n\t\t\t\t\t\t      \"repulse\": {\n\t\t\t\t\t\t        \"distance\": 200,\n\t\t\t\t\t\t        \"duration\": 0.4\n\t\t\t\t\t\t      },\n\t\t\t\t\t\t      \"push\": {\n\t\t\t\t\t\t        \"particles_nb\": 4\n\t\t\t\t\t\t      },\n\t\t\t\t\t\t      \"remove\": {\n\t\t\t\t\t\t        \"particles_nb\": 2\n\t\t\t\t\t\t      }\n\t\t\t\t\t\t    }\n\t\t\t\t\t\t  },\n\t\t\t\t\t\t  \"retina_detect\": true\n\t\t\t\t\t\t});\n\t\t\t\t\t}\n\n\t\t\t\t}\n\t\t\t}, 1000 );\n\t\t}).trigger( \"scroll.codevz_stretch_fix\" );\n\n\t});\n\n<\/script>[\/vc_column][\/vc_row]<\/p>\n<\/div>","protected":false},"excerpt":{"rendered":"<p>[vc_row][vc_column][\/vc_column][\/vc_row][vc_row][vc_column offset=&#8220;vc_col-md-6&#8243;][vc_column_text css=&#8220;&#8220;]INFINICO ist ein Unternehmen, das nicht nur durch Qualit\u00e4t &#8230; <\/p>\n","protected":false},"author":1,"featured_media":0,"parent":0,"menu_order":0,"comment_status":"closed","ping_status":"closed","template":"","meta":{"footnotes":""},"class_list":["post-1950","page","type-page","status-publish","hentry"],"_links":{"self":[{"href":"https:\/\/infinico.ch\/de\/wp-json\/wp\/v2\/pages\/1950","targetHints":{"allow":["GET"]}}],"collection":[{"href":"https:\/\/infinico.ch\/de\/wp-json\/wp\/v2\/pages"}],"about":[{"href":"https:\/\/infinico.ch\/de\/wp-json\/wp\/v2\/types\/page"}],"author":[{"embeddable":true,"href":"https:\/\/infinico.ch\/de\/wp-json\/wp\/v2\/users\/1"}],"replies":[{"embeddable":true,"href":"https:\/\/infinico.ch\/de\/wp-json\/wp\/v2\/comments?post=1950"}],"version-history":[{"count":7,"href":"https:\/\/infinico.ch\/de\/wp-json\/wp\/v2\/pages\/1950\/revisions"}],"predecessor-version":[{"id":2030,"href":"https:\/\/infinico.ch\/de\/wp-json\/wp\/v2\/pages\/1950\/revisions\/2030"}],"wp:attachment":[{"href":"https:\/\/infinico.ch\/de\/wp-json\/wp\/v2\/media?parent=1950"}],"curies":[{"name":"wp","href":"https:\/\/api.w.org\/{rel}","templated":true}]}}